{"id":15,"date":"2014-01-07T20:29:05","date_gmt":"2014-01-07T20:29:05","guid":{"rendered":"http:\/\/10.133.10.90\/?page_id=15"},"modified":"2026-04-19T08:30:21","modified_gmt":"2026-04-19T08:30:21","slug":"premiering","status":"publish","type":"page","link":"https:\/\/skyting.lerumcup.no\/?page_id=15","title":{"rendered":"Premiering"},"content":{"rendered":"<p>Kvart stemna vil ha si eiga normale premiering, med medaljar og pengepremiar.<\/p>\n<p>Vi vil ogs\u00e5 ha fellespremiering i ulike premiekategoriar. Det blir premiering p\u00e5 samanlagtresultat klassevis, der dei fem beste stevnene vil telle samanglagt. Det d\u00e5rlegaste resultatet blir str\u00f8ket om ein deltek p\u00e5 alle seks stevnene. S\u00e5 blir det fleire premiar til tilfeldig uttrekte deltakarar som har delteke p\u00e5 alle 6 stevnene.<\/p>\n<p><a href=\"http:\/\/live.lerumcup.no\/sogndal\/Fellespremie_Lerumcup\/Fellespremiering-Lerumcup_2010.pdf\" target=\"_blank\" rel=\"noopener noreferrer\">Her finn du kven som vann dei ulike premiane i 2010<\/a><br \/>\n<a href=\"http:\/\/live.lerumcup.no\/sogndal\/Fellespremie_Lerumcup\/Fellespremiering-Lerumcup_2011.pdf\" target=\"_blank\" rel=\"noopener noreferrer\">Her finn du kven som vann dei ulike premiane i 2011<\/a><br \/>\n<a href=\"http:\/\/live.lerumcup.no\/sogndal\/Fellespremie_Lerumcup\/Fellespremiering-Lerumcup_2012.pdf\" target=\"_blank\" rel=\"noopener noreferrer\">Her finn du kven som vann dei ulike premiane i 2012<\/a><br \/>\n<a href=\"http:\/\/live.lerumcup.no\/sogndal\/Fellespremie_Lerumcup\/Fellespremiering-Lerumcup_2013.pdf\" target=\"_blank\" rel=\"noopener noreferrer\">Her finn du kven som vann dei ulike premiane i 2013<\/a><br \/>\n<a href=\"http:\/\/live.lerumcup.no\/sogndal\/Fellespremie_Lerumcup\/Fellespremiering-Lerumcup_2014.pdf\" target=\"_blank\" rel=\"noopener noreferrer\">Her finn du kven som vann dei ulike premiane i 2014<\/a><br \/>\n<a href=\"http:\/\/live.lerumcup.no\/sogndal\/Fellespremie_Lerumcup\/Fellespremiering-Lerumcup_2015.pdf\" target=\"_blank\" rel=\"noopener noreferrer\">Her finn du kven som vann dei ulike premiane i 2015<\/a><br \/>\n<a href=\"http:\/\/live.lerumcup.no\/sogndal\/Fellespremie_Lerumcup\/Fellespremiering-Lerumcup_2016.pdf\" target=\"_blank\" rel=\"noopener noreferrer\">Her finn du kven som vann dei ulike premiane i 2016<\/a><br \/>\n<a href=\"http:\/\/live.lerumcup.no\/sogndal\/Fellespremie_Lerumcup\/Fellespremiering-Lerumcup_2017.pdf\" target=\"_blank\" rel=\"noopener noreferrer\">Her finn du kven som vann dei ulike premiane i 2017<\/a><br \/>\n<a href=\"http:\/\/live.lerumcup.no\/sogndal\/Fellespremie_Lerumcup\/Fellespremiering-Lerumcup_2018.pdf\" target=\"_blank\" rel=\"noopener noreferrer\">Her finn du kven som vann dei ulike premiane i 2018<br \/>\n<\/a><a href=\"https:\/\/skyting.lerumcup.no\/wp-content\/uploads\/2019\/05\/Fellespremiering-Lerumcup-2019.pdf\">Her finn du kven som vann dei ulike premiane i 2019<\/a><br \/>\n<a href=\"https:\/\/skyting.lerumcup.no\/wp-content\/uploads\/2020\/08\/Fellespremiering-Lerumcup-2020_b.pdf\">Her finn du kven som vann dei ulike premiane i 2020<\/a><br \/>\n<a href=\"http:\/\/live.lerumcup.no\/sogndal\/Lerumcup_2022\/Fellespremiering-Lerumcup%202022.pdf\">Her finn du kven som vann dei ulike premiane i 2022<\/a><br \/>\n<a href=\"http:\/\/live.lerumcup.no\/sogndal\/Lerumcup_2023\/Fellespremiering-Lerumcup_2023.pdf\">Her finn du kven som vann dei ulike premiane i 2023<\/a><br \/>\n<a href=\"https:\/\/skyting.lerumcup.no\/wp-content\/uploads\/2025\/05\/Fellespremiering-Lerumcup-2024-1.pdf\">Her finn du kven som vann dei ulike premiane i 2024<\/a><br \/>\n<a href=\"https:\/\/skyting.lerumcup.no\/wp-content\/uploads\/2025\/06\/Premieplakat-2025-rotated.jpg\">Her finn du kven som vann dei ulike preimane i 2025<\/a><\/p>\n<p>Hovudsponsor\u00a0<strong>Lerum <\/strong>bidreg sterkt med ekstrapremiar til resultatlista sammenlagt. I 2025 vil 5 av 6 stevner telle. (D\u00e5rlegaste resultat blir str\u00f8ket). I tillegg kjem det inn nye klassar p\u00e5 100 meter. Det gir ny premieprofil gjeldande fr\u00e5 2025. (M\u00e5 vere fem deltakarar i klassen p\u00e5 alle fem teljande stevner, slik at det er re\u00e8ll konkurranse om premiane)<\/p>\n<p>&nbsp;<\/p>\n<p><img decoding=\"async\" src=\"https:\/\/skyting.lerumcup.no\/wp-content\/uploads\/2025\/01\/premieplakat.jpg\" \/><\/p>\n<p><strong>SUPER JACKPOTT:<br \/>\n<\/strong>Det blir fr\u00e5 og med 2017 sett av ein Jackpott som skal g\u00e5 som vandrepremie til samanlagtvinnar klasse 3-5. Ved samanlagtsiger i Lerum Cup vert det gjeve eit napp i potten. Den som f\u00f8rst vinner tre gonger, vil utl\u00f8yse potten.<\/p>\n<p>Det blir lagt nye NOK 2000,- i potten kvart \u00e5r Lerum Cup arrangeres, til den blir utl\u00f8yst av ein vinnar. Etter som ingen enda har klart \u00e5 vinne Lerum Cup tre gonger etter at potten vart innf\u00f8rt, s\u00e5 er potten i 2025 kommet opp i den nette sum av\u00a0 NOK 16 000,- om den skulle bli utl\u00f8yst. (Vi minner om at det ikkje vart arrangert Lerum Cup i 2021 pga restriksjonar i samband med coronapandemien, og at summen det \u00e5ret vart overf\u00f8rt til 2022).<\/p>\n<p>Desse har napp i Gullpotten:<\/p>\n<p>Lerum Cup 2017: Kim Andr\u00e8 Lund, Jondalen<br \/>\nLerum Cup 2018: Kim Andr\u00e8 Lund, Jondalen<br \/>\nLerum Cup 2019: Tor Harald Lund, S\u00f8gne<br \/>\nLerum Cup 2020: Jeanette Hegg Duestad, Sem<br \/>\nLerum Cup 2021: Avlyst, og ingen vinner (pott overf\u00f8rt til 2022)<br \/>\nLerum Cup 2022: Daniel S\u00f8rli, Urskog.<br \/>\nLerum Cup 2023: Daniel S\u00f8rli, Sunndal.<br \/>\nLerum Cup 2024: Hans Kristian Wear, Styrvoll<br \/>\nLerum Cup 2025: Hans Kristian Wear, Styrvoll<\/p>\n<p>Blir den ikkje l\u00f8yst ut s\u00e5 auker potten kvart \u00e5r med NOK 2000,- . (I 2026 vil potten i tilfelle vere NOK 18000-). Lerum Cup m\u00e5 alts\u00e5 vinnast tre gonger for \u00e5 l\u00f8yse ut potten.<\/p>\n<p><span style=\"font-size: 10pt;\">Skulle det skje at Lerum Cup ikkje lenger vert arrangert, s\u00e5 vil Jackpotten bli delt ut til den skyttar som har flest napp i den. Er det to eller fleire skyttarar som st\u00e5r med like mange napp, s\u00e5 vil totalt oppn\u00e5dd poengsum, i dei \u00e5ra potten har g\u00e5tt, rangere skyttarane. <\/span><\/p>\n<p>\u00d8vrige sponsorpremiar: <em><strong>Desse blir det jobba med, og bli bekreafta etter kvart som dei blir klare.<\/strong><\/em><\/p>\n<p><strong>200 meter<\/strong><\/p>\n<table style=\"height: 289px; width: 64.7482%;\" border=\"0\" cellspacing=\"0\" cellpadding=\"0\">\n<tbody>\n<tr style=\"height: 121px;\">\n<td style=\"height: 121px; width: 80.5169%;\">Tilfedig uttrekt deltakar. (M\u00e5 ha delteke p\u00e5 alle 6 stemna)<\/td>\n<td style=\"height: 121px; width: 41.0307%;\">G\u00e5vekort verdi 1000,- Dagfinrud<\/td>\n<\/tr>\n<tr style=\"height: 72px;\">\n<td style=\"height: 72px; width: 80.5169%;\">Tilfeldig uttrekt deltakar (m\u00e5 ha delteke p\u00e5 alle 6 stemna)<\/td>\n<td style=\"height: 72px; width: 41.0307%;\">G\u00e5vekort verdi 3500,- Thon Hotels<\/td>\n<\/tr>\n<tr style=\"height: 72px;\">\n<td style=\"height: 72px; width: 80.5169%;\">Tilfeldig uttrek deltakar (m\u00e5 ha deltetke p\u00e5 alle 6 stemna)<\/td>\n<td style=\"height: 72px; width: 41.0307%;\">G\u00e5vekort verdi 1500,- Landr\u00f8<\/td>\n<\/tr>\n<tr style=\"height: 24px;\">\n<td style=\"height: 24px; width: 80.5169%;\">Beste enkeltresultat uansett stemne, klasse 3-5<\/td>\n<td style=\"height: 24px; width: 41.0307%;\">2.000,-<\/td>\n<\/tr>\n<\/tbody>\n<\/table>\n<p><strong>100 meter<\/strong><\/p>\n<table style=\"width: 69.6663%; height: 283px;\" border=\"0\" cellspacing=\"0\" cellpadding=\"0\">\n<tbody>\n<tr>\n<td style=\"width: 81.4695%;\">Tilfeldig uttrekt deltakar (M\u00e5 ha delteke p\u00e5 alle 6 stemna)<\/td>\n<td style=\"width: 56.402%;\" width=\"50\">G\u00e5vekort verdi 1500,- Norma<\/td>\n<\/tr>\n<tr>\n<td style=\"width: 81.4695%;\">Tilfeldig uttrekt deltakar (M\u00e5 ha delteke p\u00e5 alle 6 stemna)<\/td>\n<td style=\"width: 56.402%;\">G\u00e5vekort verdi 3500,- Thon Hotels<\/td>\n<\/tr>\n<tr>\n<td style=\"width: 81.4695%;\">Tilfeldig uttrekt deltakar (m\u00e5 ha delteke p\u00e5 alle 6 stemna)<\/td>\n<td style=\"width: 56.402%;\">Gavekort Dagfinrud verdi 1000,-<\/td>\n<\/tr>\n<\/tbody>\n<\/table>\n<p><strong>Delktakerkonkurranse:<\/strong> For \u00e5 stimulere til auka deltaking i ungdomsklassane satte vi i 2024 opp ein premie til det skytterlag med st\u00f8rst samla deltaking i Ungdomsklassane. (NU-R-ER-J-EJ). (For kvart enkelt stemne som ein ungdom deltek p\u00e5 i Lerum Cup, s\u00e5 gir det 1 poeng til laget. Det laget som har flest deltakinger\/poeng totalt vinn premien. ) St\u00e5r to, eller fleire lag likt, blir premien delt. Og premien er eit g\u00e5vekort til ein verdi av 3000,- kroner gitt av Dagfinrud. Denne tek vi sikte p\u00e5 \u00e5 videref\u00f8re i ogs\u00e5 2026.<\/p>\n<p>I tillegg har vi eit g\u00e5velkort fr\u00e5 V\u00e5penloftet til verdi 1500,-, vi har to g\u00e5vekort fr\u00e5 Maxut, kvar til ein verdi p\u00e5 500,-, og vi har to gev\u00e6rfuteral fr\u00e5 Bekkevold kvar til ein verdi 600,- . Desse g\u00e5vene blir trekt ut til tifleldige deltakarar som har delteke p\u00e5 alle stevene.<\/p>\n<p>&nbsp;<\/p>\n","protected":false},"excerpt":{"rendered":"<p>Kvart stemna vil ha si eiga normale premiering, med medaljar og pengepremiar. Vi vil ogs\u00e5 ha fellespremiering i ulike premiekategoriar. Det blir premiering p\u00e5 samanlagtresultat klassevis,<span class=\"excerpt-hellip\"> [\u2026]<\/span><\/p>\n","protected":false},"author":2,"featured_media":0,"parent":7,"menu_order":0,"comment_status":"closed","ping_status":"closed","template":"","meta":{"footnotes":""},"class_list":["post-15","page","type-page","status-publish","hentry"],"_links":{"self":[{"href":"https:\/\/skyting.lerumcup.no\/index.php?rest_route=\/wp\/v2\/pages\/15","targetHints":{"allow":["GET"]}}],"collection":[{"href":"https:\/\/skyting.lerumcup.no\/index.php?rest_route=\/wp\/v2\/pages"}],"about":[{"href":"https:\/\/skyting.lerumcup.no\/index.php?rest_route=\/wp\/v2\/types\/page"}],"author":[{"embeddable":true,"href":"https:\/\/skyting.lerumcup.no\/index.php?rest_route=\/wp\/v2\/users\/2"}],"replies":[{"embeddable":true,"href":"https:\/\/skyting.lerumcup.no\/index.php?rest_route=%2Fwp%2Fv2%2Fcomments&post=15"}],"version-history":[{"count":38,"href":"https:\/\/skyting.lerumcup.no\/index.php?rest_route=\/wp\/v2\/pages\/15\/revisions"}],"predecessor-version":[{"id":2374,"href":"https:\/\/skyting.lerumcup.no\/index.php?rest_route=\/wp\/v2\/pages\/15\/revisions\/2374"}],"up":[{"embeddable":true,"href":"https:\/\/skyting.lerumcup.no\/index.php?rest_route=\/wp\/v2\/pages\/7"}],"wp:attachment":[{"href":"https:\/\/skyting.lerumcup.no\/index.php?rest_route=%2Fwp%2Fv2%2Fmedia&parent=15"}],"curies":[{"name":"wp","href":"https:\/\/api.w.org\/{rel}","templated":true}]}}