{"id":1675,"date":"2014-01-07T20:28:56","date_gmt":"2014-01-07T20:28:56","guid":{"rendered":"http:\/\/10.133.10.90\/?page_id=13"},"modified":"2025-05-09T19:59:14","modified_gmt":"2025-05-09T19:59:14","slug":"arrangorar","status":"publish","type":"page","link":"https:\/\/skyting.lerumcup.no\/?page_id=1675","title":{"rendered":"Arrang\u00f8rar"},"content":{"rendered":"<p>Lerum Cup er i 2025 eit samarbeid mellom Aurland skyttarlag, Hafslo skyttarlag, Knipenborg skyttarlag, Leikanger skyttarlag, Sogndal Skytterlag og Farnes skyttarlag.<\/p>\n<p><strong>Her er fakta om dei ulike banene:<\/strong><\/p>\n<table style=\"height: 402px; width: 63.6421%;\" width=\"623\">\n<tbody>\n<tr style=\"height: 25px;\">\n<td style=\"height: 25px;\" width=\"126\"><\/td>\n<td style=\"height: 25px;\" width=\"80\"><a href=\"https:\/\/dfsgrasrot.no\/aurland-skyttarlag\">Aurland<\/a><\/td>\n<td style=\"height: 25px;\" width=\"80\"><a href=\"https:\/\/dfsgrasrot.no\/hafslo-skyttarlag\">Hafslo<\/a><\/td>\n<td style=\"height: 25px;\" width=\"80\"><a href=\"https:\/\/dfsgrasrot.no\/knipenborg-skyttarlag\">Knipenborg<\/a><\/td>\n<td style=\"height: 25px;\" width=\"80\"><a href=\"https:\/\/dfsgrasrot.no\/leikanger-skyttarlag\">Leikanger<\/a><\/td>\n<td style=\"height: 25px;\" width=\"80\"><a href=\"https:\/\/dfsgrasrot.no\/sogndal-skyttarlag\">Sogndal<\/a><\/td>\n<td style=\"height: 25px;\" width=\"80\"><a href=\"https:\/\/dfsgrasrot.no\/farnes-skyttarlag\">Farnes<\/a><\/td>\n<\/tr>\n<tr style=\"height: 25px;\">\n<td style=\"height: 25px;\" width=\"126\">Elektronikk<\/td>\n<td style=\"height: 25px;\" width=\"80\">Megalink<\/td>\n<td style=\"height: 25px;\" width=\"80\">KTS<\/td>\n<td style=\"height: 25px;\" width=\"80\">Megalink<\/td>\n<td style=\"height: 25px;\" width=\"80\">KTS<\/td>\n<td style=\"height: 25px;\" width=\"80\">KTS<\/td>\n<td style=\"height: 25px;\">KTS<\/td>\n<\/tr>\n<tr style=\"height: 25px;\">\n<td style=\"height: 25px;\" width=\"126\">Skiver 100m<\/td>\n<td style=\"height: 25px;\" width=\"80\">10<\/td>\n<td style=\"height: 25px;\" width=\"80\">10<\/td>\n<td style=\"height: 25px;\" width=\"80\">\u00a010<\/td>\n<td style=\"height: 25px;\" width=\"80\">10<\/td>\n<td style=\"height: 25px;\" width=\"80\">10<\/td>\n<td style=\"height: 25px;\">10<\/td>\n<\/tr>\n<tr style=\"height: 25px;\">\n<td style=\"height: 25px;\" width=\"126\">Skiver 200m<\/td>\n<td style=\"height: 25px;\" width=\"80\">16<\/td>\n<td style=\"height: 25px;\" width=\"80\">16<\/td>\n<td style=\"height: 25px;\" width=\"80\">\u00a012<\/td>\n<td style=\"height: 25px;\" width=\"80\">15<\/td>\n<td style=\"height: 25px;\" width=\"80\">16<\/td>\n<td style=\"height: 25px;\">14<\/td>\n<\/tr>\n<tr style=\"height: 25px;\">\n<td style=\"height: 25px;\" width=\"126\">Skyteretning<\/td>\n<td style=\"height: 25px;\" width=\"80\">SV<\/td>\n<td style=\"height: 25px;\" width=\"80\">SA<\/td>\n<td style=\"height: 25px;\" width=\"80\">\u00d8<\/td>\n<td style=\"height: 25px;\" width=\"80\">NN\u00d8<\/td>\n<td style=\"height: 25px;\" width=\"80\">S<\/td>\n<td style=\"height: 25px;\">N<\/td>\n<\/tr>\n<tr style=\"height: 27px;\">\n<td style=\"height: 27px;\" width=\"126\">GPS breddeg.<\/td>\n<td style=\"height: 27px;\" width=\"80\">60.878925<\/td>\n<td style=\"height: 27px;\" width=\"80\">61.330142<\/td>\n<td style=\"height: 27px;\" width=\"80\">61.256166<\/td>\n<td style=\"height: 27px;\" width=\"80\">\n<table style=\"border-collapse: collapse; width: 60pt;\" border=\"0\" width=\"80\" cellspacing=\"0\" cellpadding=\"0\">\n<tbody>\n<tr style=\"height: 15.0pt;\">\n<td class=\"xl65\" style=\"height: 15.0pt; width: 60pt;\" width=\"80\" height=\"20\">61.189865<\/td>\n<\/tr>\n<\/tbody>\n<\/table>\n<\/td>\n<td style=\"height: 27px;\" width=\"80\">\n<table style=\"border-collapse: collapse; width: 60pt;\" border=\"0\" width=\"80\" cellspacing=\"0\" cellpadding=\"0\">\n<tbody>\n<tr style=\"height: 15.0pt;\">\n<td class=\"xl65\" style=\"height: 15.0pt; width: 60pt;\" width=\"80\" height=\"20\">61.201780<\/td>\n<\/tr>\n<\/tbody>\n<\/table>\n<\/td>\n<td style=\"height: 27px;\">61.31412<\/td>\n<\/tr>\n<tr style=\"height: 25px;\">\n<td style=\"height: 25px;\" width=\"126\">GPS lengdeg.<\/td>\n<td style=\"height: 25px;\" width=\"80\">7.245812<\/td>\n<td style=\"height: 25px;\" width=\"80\">7.238155<\/td>\n<td style=\"height: 25px;\" width=\"80\">7.74063<\/td>\n<td style=\"height: 25px;\" width=\"80\">6.866884<\/td>\n<td style=\"height: 25px;\" width=\"80\">7.195326<\/td>\n<td style=\"height: 25px;\">7.809992<\/td>\n<\/tr>\n<tr style=\"height: 25px;\">\n<td style=\"height: 25px;\" width=\"126\">Kart<\/td>\n<td style=\"height: 25px;\" width=\"80\"><a href=\"https:\/\/www.google.com\/maps\/place\/60%C2%B052'44.1%22N+7%C2%B014'44.9%22E\/@60.8789284,7.2436241,17z\/data=!3m1!4b1!4m5!3m4!1s0x0:0x0!8m2!3d60.8789258!4d7.2458128?hl=no-NO\">Google<\/a><\/td>\n<td style=\"height: 25px;\" width=\"80\"><a href=\"https:\/\/www.google.no\/maps\/place\/Hafslo+Skyttarlag\/@61.3290825,7.232378,16z\/data=!4m6!3m5!1s0x4615ef29265c4667:0x6de57122a44dea64!8m2!3d61.3302186!4d7.2385927!16s%2Fg%2F11h0t4bfqv?entry=ttu&amp;g_ep=EgoyMDI1MDQyOC4wIKXMDSoASAFQAw%3D%3D\">Google<\/a><\/td>\n<td style=\"height: 25px;\" width=\"80\"><a href=\"http:\/\/maps.google.com\/maps\/ms?ie=UTF8&amp;hl=no&amp;msa=0&amp;msid=101279894254506902889.00047e0c157b29c900595&amp;ll=61.249143,7.722616&amp;spn=0.035257,0.113554&amp;z=14&amp;iwloc=00047e0c191374e8e2399\">\u00a0Google<\/a><\/td>\n<td style=\"height: 25px;\" width=\"80\"><a href=\"http:\/\/www.google.no\/maps?q=61.18943,6.866884&amp;num=1&amp;sll=61.186824,6.865511&amp;sspn=0.037726,0.104456&amp;ie=UTF8&amp;ll=61.186824,6.865511&amp;spn=0.037726,0.104456&amp;z=14\">Google<\/a><\/td>\n<td style=\"height: 25px;\" width=\"80\"><a href=\"http:\/\/maps.google.com\/maps?q=61.20178,7.195326&amp;num=1&amp;t=h&amp;sll=61.251022,7.305286&amp;sspn=0.759055,1.178069&amp;hl=no&amp;ie=UTF8&amp;ll=61.201775,7.195315&amp;spn=0.018523,0.052142&amp;z=15\">Google<\/a><\/td>\n<td style=\"height: 25px;\"><a href=\"https:\/\/www.google.com\/maps\/place\/Mj%C3%B8en+Skytebane\/@61.3141057,7.8069695,16.92z\/data=!4m5!3m4!1s0x46159a956d6c831f:0xca9c3ab57d0ce244!8m2!3d61.3140656!4d7.8094096?hl=no\">Google<\/a><\/td>\n<\/tr>\n<tr style=\"height: 25px;\">\n<td style=\"height: 75px;\" rowspan=\"3\" width=\"126\">Kontakt-telefon<\/td>\n<td style=\"height: 75px;\" rowspan=\"3\" width=\"80\">95837217<\/td>\n<td style=\"height: 75px;\" rowspan=\"3\" width=\"80\">90037405<\/td>\n<td style=\"height: 75px;\" rowspan=\"3\" width=\"80\">91716211(Robert)<br \/>\n93086430(Kjetil)<\/td>\n<td style=\"height: 25px;\" width=\"80\">90576187<\/td>\n<td style=\"height: 25px;\" width=\"80\">97700978<\/td>\n<td style=\"height: 25px;\">91603127<\/td>\n<\/tr>\n<tr style=\"height: 25px;\">\n<td style=\"height: 25px;\" width=\"80\">Stemnetlf:<\/td>\n<td style=\"height: 25px;\" width=\"80\">Stemnetlf:<\/td>\n<td style=\"height: 25px;\">Stemnetlf:<\/td>\n<\/tr>\n<tr style=\"height: 25px;\">\n<td style=\"height: 25px;\" width=\"80\">90027887<\/td>\n<td style=\"height: 25px;\" width=\"80\">41285510<\/td>\n<td style=\"height: 25px;\">47752218<\/td>\n<\/tr>\n<tr style=\"height: 125px;\">\n<td style=\"height: 125px;\" width=\"126\">Banerekord 200m<\/td>\n<td style=\"height: 125px;\" width=\"80\">350 (26) Rasmus L\u00f8berg (LC 2022)<\/td>\n<td style=\"height: 125px;\" width=\"80\">349(24) Kim Andr\u00e8 Lund (LC 2017)<\/td>\n<td style=\"height: 125px;\" width=\"80\">\u00a0350(19) Anette Thingb\u00f8 Sundnes (VT 2019)<\/td>\n<td style=\"height: 125px;\" width=\"80\">350(22) Kim Andr\u00e8 Lund (LC 2018)<\/td>\n<td style=\"height: 125px;\" width=\"80\">350(22) Daniel S\u00f8rli (LC2022)<\/td>\n<td style=\"height: 125px;\">349 (24) Hans Kristian Wear (LC2025)<\/td>\n<\/tr>\n<\/tbody>\n<\/table>\n<p>Felles e-post adresse til arrang\u00f8rane:\u00a0<a href=\"mailto:post@lerumcup.no\">post@lerumcup.no<\/a><\/p>\n<p>Felles adresse for f\u00f8reh\u00e5ndsp\u00e5melding: paamelding@lerumcup.no<\/p>\n<p><strong>For \u00e5 lese meir om dei ulike skyttarlaga kan de g\u00e5 til heimesidene:<br \/>\n<\/strong><a href=\"https:\/\/dfsgrasrot.no\/aurland-skyttarlag\" target=\"_blank\" rel=\"noopener noreferrer\">Aurland<\/a><br \/>\n<a href=\"https:\/\/dfsgrasrot.no\/hafslo-skyttarlag\" target=\"_blank\" rel=\"noopener noreferrer\">Hafslo<br \/>\n<\/a><a style=\"line-height: 1.2857142857;\" href=\"https:\/\/dfsgrasrot.no\/knipenborg-skyttarlag\" target=\"_blank\" rel=\"noopener noreferrer\">Knipenborg<\/a><br \/>\n<a href=\"https:\/\/dfsgrasrot.no\/leikanger-skyttarlag\" target=\"_blank\" rel=\"noopener noreferrer\">Leikanger<\/a><br \/>\n<a href=\"https:\/\/dfsgrasrot.no\/sogndal-skyttarlag\" target=\"_blank\" rel=\"noopener noreferrer\">Sogndal<\/a><br \/>\n<a href=\"https:\/\/dfsgrasrot.no\/farnes-skyttarlag\">Farnes<\/a><\/p>\n<p><strong>Lerum cup sin felleskonto:<\/strong> Kontonummer 3720.15.71384<\/p>\n","protected":false},"excerpt":{"rendered":"<p>Lerum Cup er i 2025 eit samarbeid mellom Aurland skyttarlag, Hafslo skyttarlag, Knipenborg skyttarlag, Leikanger skyttarlag, Sogndal Skytterlag og Farnes skyttarlag. Her er fakta om dei<span class=\"excerpt-hellip\"> [\u2026]<\/span><\/p>\n","protected":false},"author":2,"featured_media":0,"parent":0,"menu_order":0,"comment_status":"closed","ping_status":"closed","template":"","meta":{"footnotes":""},"class_list":["post-1675","page","type-page","status-publish","hentry"],"_links":{"self":[{"href":"https:\/\/skyting.lerumcup.no\/index.php?rest_route=\/wp\/v2\/pages\/1675","targetHints":{"allow":["GET"]}}],"collection":[{"href":"https:\/\/skyting.lerumcup.no\/index.php?rest_route=\/wp\/v2\/pages"}],"about":[{"href":"https:\/\/skyting.lerumcup.no\/index.php?rest_route=\/wp\/v2\/types\/page"}],"author":[{"embeddable":true,"href":"https:\/\/skyting.lerumcup.no\/index.php?rest_route=\/wp\/v2\/users\/2"}],"replies":[{"embeddable":true,"href":"https:\/\/skyting.lerumcup.no\/index.php?rest_route=%2Fwp%2Fv2%2Fcomments&post=1675"}],"version-history":[{"count":24,"href":"https:\/\/skyting.lerumcup.no\/index.php?rest_route=\/wp\/v2\/pages\/1675\/revisions"}],"predecessor-version":[{"id":1774,"href":"https:\/\/skyting.lerumcup.no\/index.php?rest_route=\/wp\/v2\/pages\/1675\/revisions\/1774"}],"wp:attachment":[{"href":"https:\/\/skyting.lerumcup.no\/index.php?rest_route=%2Fwp%2Fv2%2Fmedia&parent=1675"}],"curies":[{"name":"wp","href":"https:\/\/api.w.org\/{rel}","templated":true}]}}