{"id":17,"date":"2014-01-07T20:29:26","date_gmt":"2014-01-07T20:29:26","guid":{"rendered":"http:\/\/10.133.10.90\/?page_id=17"},"modified":"2026-01-23T17:20:53","modified_gmt":"2026-01-23T17:20:53","slug":"pamelding","status":"publish","type":"page","link":"https:\/\/skyting.lerumcup.no\/?page_id=17","title":{"rendered":"P\u00e5melding"},"content":{"rendered":"<h3><strong><a href=\"https:\/\/mittdfs.no\/pamelding\/?293143__dateTo=2026-07-23&amp;293143__dateFrom=2026-01-23&amp;293143__tab=all&amp;293143__gunRegionId=10038&amp;293143__query=Lerum\"><span style=\"color: #0000ff;\">Klikk her for p\u00e5melding\u00a0<\/span><\/a><\/strong><\/h3>\n<p><strong>Lerum cup 2026 blir arrangert helga 8. til 10 Mai. Som tidlegare \u00e5r tek vi imot f\u00f8reh\u00e5ndsp\u00e5melding av grupper via<br \/>\ne-post. Det vil skje i perioden tysdag 24. Mars til torsdag 26.Mars.\u00a0<\/strong><\/p>\n<p>P\u00e5melding via web vil vere \u00e5pen fr\u00e5 6., April til og med 4. Mai.<\/p>\n<p>F\u00f8reh\u00e5ndsp\u00e5melding skal skje ved og fylle ut dette <strong><em><a href=\"https:\/\/skyting.lerumcup.no\/wp-content\/uploads\/2026\/01\/Pameldingsskjema-LerumCup-2026.xlsx\">P\u00e5meldingsskjema <\/a><\/em><\/strong>og sende det til paamelding@lerumcup.no.<\/p>\n<p><em><strong>P\u00e5meldinger som kjem i andre format risikerer \u00e5 ikkje bli behandlet.<\/strong><\/em><\/p>\n<p><strong>Viktig \u00e5 passe p\u00e5 n\u00e5r du fyller ut skjemaet:<\/strong><\/p>\n<p><strong>SkyttarID<\/strong>: Pass p\u00e5 at skyttarane st\u00e5r oppf\u00f8rt med rett skyttarID. Dette vil lette arbeidet med registrering av p\u00e5meldingane.<\/p>\n<p><strong>Rett klasse\/Standplass<\/strong>: Pass p\u00e5 at skyttarane er meldt p\u00e5 i rett klasse, og p\u00e5 rett standplass. Skjemaet er delt i 100 meter og 200 meter, og skyttarane vil f\u00e5 tildelt skytetid p\u00e5 den standplass, og i den klasse, dei er oppf\u00f8rt. Er til d\u00f8mes ein skyttar\u00a0i klasse EJ oppf\u00f8rt p\u00e5 200 meter, s\u00e5 vil han\/ho f\u00e5r skytetid p\u00e5 200 meter, og vere p\u00e5meldt i klasse 4.<\/p>\n<p><strong>Spesielle behov: <\/strong>Hvis det er skyttarar som skyt med samme v\u00e5pen, eller det er skyttarar som treng hjelp, og at det er skyttarar som ikkje kan skyte i samme lag, s\u00e5 m\u00e5 dette noterast p\u00e5 skjemaet. D\u00e5 tek vi hensyn til det.<\/p>\n<p><strong>Overnatting:<\/strong> Det vil ogs\u00e5 vere veldig greitt \u00e5 notere p\u00e5 skjemaet kor man har planlagt overnatting, s\u00e5 skal vi ogs\u00e5 pr\u00f8ve s\u00e5 langt det er r\u00e5d \u00e5 ta hensyn til det ved tildeling av skytetider.<\/p>\n<p><strong>Tildeling av skytetider: <\/strong>Skytetidene som blir f\u00f8rt inn p\u00e5 skjemaet, vert rekna som ynskjer. Ein kan ikkje rekne med \u00e5 f\u00e5 akkurat dei skytetidene ein ynskjer, eller den reiseruta ein ynskjer. Vi forventer at det vert stort p\u00e5trykk, og erfaringane viser at mange vil komme med dei samme ynskja. Vi skal etterkomme ynskjer, s\u00e5 langt det berre g\u00e5r, men vi er n\u00f8ydde til \u00e5 ta forbehold om at vi blir n\u00f8ydde til \u00e5 gjere justeringer b\u00e5de i skytetidene, og p\u00e5 reiserutene, for at vi skal klare \u00e5 f\u00e5 til eit fornuftig opplegg for alle som ynskjer \u00e5 koma til oss. Vi gjere alt vi kan, men til lags \u00e5t alle er vanskeleg \u00e5 gjera.<\/p>\n","protected":false},"excerpt":{"rendered":"<p>Klikk her for p\u00e5melding\u00a0 Lerum cup 2026 blir arrangert helga 8. til 10 Mai. Som tidlegare \u00e5r tek vi imot f\u00f8reh\u00e5ndsp\u00e5melding av grupper via e-post. Det<span class=\"excerpt-hellip\"> [\u2026]<\/span><\/p>\n","protected":false},"author":2,"featured_media":0,"parent":7,"menu_order":0,"comment_status":"closed","ping_status":"closed","template":"","meta":{"footnotes":""},"class_list":["post-17","page","type-page","status-publish","hentry"],"_links":{"self":[{"href":"https:\/\/skyting.lerumcup.no\/index.php?rest_route=\/wp\/v2\/pages\/17","targetHints":{"allow":["GET"]}}],"collection":[{"href":"https:\/\/skyting.lerumcup.no\/index.php?rest_route=\/wp\/v2\/pages"}],"about":[{"href":"https:\/\/skyting.lerumcup.no\/index.php?rest_route=\/wp\/v2\/types\/page"}],"author":[{"embeddable":true,"href":"https:\/\/skyting.lerumcup.no\/index.php?rest_route=\/wp\/v2\/users\/2"}],"replies":[{"embeddable":true,"href":"https:\/\/skyting.lerumcup.no\/index.php?rest_route=%2Fwp%2Fv2%2Fcomments&post=17"}],"version-history":[{"count":13,"href":"https:\/\/skyting.lerumcup.no\/index.php?rest_route=\/wp\/v2\/pages\/17\/revisions"}],"predecessor-version":[{"id":2340,"href":"https:\/\/skyting.lerumcup.no\/index.php?rest_route=\/wp\/v2\/pages\/17\/revisions\/2340"}],"up":[{"embeddable":true,"href":"https:\/\/skyting.lerumcup.no\/index.php?rest_route=\/wp\/v2\/pages\/7"}],"wp:attachment":[{"href":"https:\/\/skyting.lerumcup.no\/index.php?rest_route=%2Fwp%2Fv2%2Fmedia&parent=17"}],"curies":[{"name":"wp","href":"https:\/\/api.w.org\/{rel}","templated":true}]}}