{"id":175,"date":"2014-05-22T10:54:37","date_gmt":"2014-05-22T10:54:37","guid":{"rendered":"https:\/\/skyting.lerumcup.no\/?page_id=175"},"modified":"2022-05-02T06:32:39","modified_gmt":"2022-05-02T06:32:39","slug":"vervarsel-for-lerumcup","status":"publish","type":"page","link":"https:\/\/skyting.lerumcup.no\/?page_id=175","title":{"rendered":"V\u00earvarsel for LerumCup"},"content":{"rendered":"<p>Her finn du v\u00earvarsel for alle stemnestadene (henta fr\u00e5 YR):<\/p>\n<p><noscript><a href=\"https:\/\/www.yr.no\/sted\/Norge\/Vestland\/\u00c5rdal\/\u00d8vre_\u00c5rdal\/\">yr.no: V\u00e6rvarsel for \u00d8vre \u00c5rdal<\/a><\/noscript><\/p>\n\n\n<figure class=\"wp-block-image size-large\"><img decoding=\"async\" src=\"https:\/\/www.yr.no\/nb\/innhold\/1-139048\/meteogram.svg\" alt=\"\"\/><\/figure>\n\n\n\n<figure class=\"wp-block-image size-large\"><img decoding=\"async\" src=\"https:\/\/www.yr.no\/nb\/innhold\/1-153266\/meteogram.svg\" alt=\"\"\/><\/figure>\n\n\n\n<figure class=\"wp-block-image size-large\"><img decoding=\"async\" src=\"https:\/\/www.yr.no\/nb\/innhold\/5-53700\/meteogram.svg\" alt=\"\"\/><\/figure>\n\n\n\n<figure class=\"wp-block-image size-large\"><img decoding=\"async\" src=\"https:\/\/www.yr.no\/nb\/innhold\/1-137925\/meteogram.svg\" alt=\"\"\/><\/figure>\n\n\n\n<figure class=\"wp-block-image size-large\"><img decoding=\"async\" src=\"https:\/\/www.yr.no\/nb\/innhold\/1-138560\/meteogram.svg\" alt=\"\"\/><\/figure>\n\n\n\n<figure class=\"wp-block-image size-large\"><img decoding=\"async\" src=\"https:\/\/www.yr.no\/nb\/innhold\/5-55550\/meteogram.svg\" alt=\"\"\/><\/figure>\n\n\n\n<p><\/p>\n","protected":false},"excerpt":{"rendered":"<p>Her finn du v\u00earvarsel for alle stemnestadene (henta fr\u00e5 YR): yr.no: V\u00e6rvarsel for \u00d8vre \u00c5rdal<\/p>\n","protected":false},"author":2,"featured_media":0,"parent":0,"menu_order":0,"comment_status":"closed","ping_status":"closed","template":"","meta":{"footnotes":""},"class_list":["post-175","page","type-page","status-publish","hentry"],"_links":{"self":[{"href":"https:\/\/skyting.lerumcup.no\/index.php?rest_route=\/wp\/v2\/pages\/175","targetHints":{"allow":["GET"]}}],"collection":[{"href":"https:\/\/skyting.lerumcup.no\/index.php?rest_route=\/wp\/v2\/pages"}],"about":[{"href":"https:\/\/skyting.lerumcup.no\/index.php?rest_route=\/wp\/v2\/types\/page"}],"author":[{"embeddable":true,"href":"https:\/\/skyting.lerumcup.no\/index.php?rest_route=\/wp\/v2\/users\/2"}],"replies":[{"embeddable":true,"href":"https:\/\/skyting.lerumcup.no\/index.php?rest_route=%2Fwp%2Fv2%2Fcomments&post=175"}],"version-history":[{"count":2,"href":"https:\/\/skyting.lerumcup.no\/index.php?rest_route=\/wp\/v2\/pages\/175\/revisions"}],"predecessor-version":[{"id":1717,"href":"https:\/\/skyting.lerumcup.no\/index.php?rest_route=\/wp\/v2\/pages\/175\/revisions\/1717"}],"wp:attachment":[{"href":"https:\/\/skyting.lerumcup.no\/index.php?rest_route=%2Fwp%2Fv2%2Fmedia&parent=175"}],"curies":[{"name":"wp","href":"https:\/\/api.w.org\/{rel}","templated":true}]}}