{"id":1864,"date":"2023-01-26T13:39:44","date_gmt":"2023-01-26T13:39:44","guid":{"rendered":"https:\/\/skyting.lerumcup.no\/?page_id=1864"},"modified":"2023-01-27T15:47:07","modified_gmt":"2023-01-27T15:47:07","slug":"ardal","status":"publish","type":"page","link":"https:\/\/skyting.lerumcup.no\/?page_id=1864","title":{"rendered":"\u00c5rdal Kommune"},"content":{"rendered":"<p>&nbsp;<\/p>\n<p><strong><span style=\"font-size: 18pt;\">Her er ulike aktiviteter som du finn i \u00c5rdal Kommune:<\/span><\/strong><\/p>\n<div style=\"width: 314px\" class=\"wp-caption alignnone\"><a href=\"https:\/\/www.visitardal.no\/booking-1\/fjordcruise-med-historiske-mb-tya\"><img loading=\"lazy\" decoding=\"async\" src=\"https:\/\/images.squarespace-cdn.com\/content\/v1\/5dde61983d393a7e0614650d\/1593438461135-PGEL4GH436WTKQL5P6UO\/tyab%C3%A5ten.JPG?format=750w\" alt=\"tyab\u00e5ten.JPG\" width=\"304\" height=\"202\" \/><\/a><p class=\"wp-caption-text\"><a href=\"https:\/\/www.visitardal.no\/booking-1\/fjordcruise-med-historiske-mb-tya\">Fjordcruise med historiske MB Tya<\/a><\/p><\/div>\n<div style=\"width: 305px\" class=\"wp-caption alignright\"><a href=\"https:\/\/www.visitardal.no\/rdal-visningssenter\"><img loading=\"lazy\" decoding=\"async\" src=\"https:\/\/images.squarespace-cdn.com\/content\/v1\/5dde61983d393a7e0614650d\/0a407f24-2824-4e6b-bd5e-f17efee83dc3\/Image+%2810%29.jpeg?format=1500w\" alt=\"\" width=\"295\" height=\"221\" \/><\/a><p class=\"wp-caption-text\"><a href=\"https:\/\/www.visitardal.no\/rdal-visningssenter\">\u00c5rdal Visningssenter &#8211; Fr\u00e5 gr\u00e5tt til gr\u00f8nt. Den industrielle historia i \u00c5rdal og resten av verden. <\/a><\/p><\/div>\n<div style=\"width: 315px\" class=\"wp-caption alignnone\"><a href=\"https:\/\/www.bulderogbrak.no\/\"><img loading=\"lazy\" decoding=\"async\" src=\"https:\/\/images.squarespace-cdn.com\/content\/v1\/54edc003e4b0d2dd2df6c407\/1559381041270-YUKKB62VH5ZE9C7JO1S2\/IMG_3997.jpg?format=750w\" alt=\"Heildagstur kajakk\" width=\"305\" height=\"172\" \/><\/a><p class=\"wp-caption-text\"><a href=\"https:\/\/www.bulderogbrak.no\/\">Bulder og Brak Opplevinger<\/a><\/p><\/div>\n<div style=\"width: 229px\" class=\"wp-caption alignleft\"><a href=\"https:\/\/www.visitardal.no\/reisetips\/barnevennlige-opplevelser\"><img loading=\"lazy\" decoding=\"async\" src=\"https:\/\/images.squarespace-cdn.com\/content\/v1\/5dde61983d393a7e0614650d\/1574864020762-6LUFK96HCDIN33W8BSYK\/image-asset.jpeg?format=750w\" alt=\"FOTO: Torunn Todal Laberg\" width=\"219\" height=\"239\" \/><\/a><p class=\"wp-caption-text\"><a href=\"https:\/\/www.visitardal.no\/reisetips\/barnevennlige-opplevelser\">Dekkjungelen ved \u00c5rdalstangen Skule, ein av fem barnevenlege opplevingar i \u00c5rdal.<\/a><\/p><\/div>\n<p>&nbsp;<\/p>\n<div style=\"width: 321px\" class=\"wp-caption alignright\"><a href=\"https:\/\/www.visitardal.no\/reisetips\/4-opplevingar-som-er-verdt-ein-omveg\"><img loading=\"lazy\" decoding=\"async\" src=\"https:\/\/images.squarespace-cdn.com\/content\/v1\/5dde61983d393a7e0614650d\/1581408248448-JESBXDT7T1U8LE4H06SY\/Utladalen+%2824%29+Veri+Media+LO.JPG?format=750w\" alt=\"Idylliske Vetti Gard - her kan du overnatta, nyta god mat, helsa p\u00e5 beitedyr og slappa av i vakre omgjevnader.FOTO: VERI MEDIA\" width=\"311\" height=\"207\" \/><\/a><p class=\"wp-caption-text\"><a href=\"https:\/\/www.visitardal.no\/reisetips\/4-opplevingar-som-er-verdt-ein-omveg\">Opplevingar i \u00c5rdal, verdt ein omveg.<\/a><\/p><\/div>\n","protected":false},"excerpt":{"rendered":"<p>&nbsp; Her er ulike aktiviteter som du finn i \u00c5rdal Kommune: &nbsp;<\/p>\n","protected":false},"author":3,"featured_media":0,"parent":0,"menu_order":0,"comment_status":"closed","ping_status":"closed","template":"","meta":{"footnotes":""},"class_list":["post-1864","page","type-page","status-publish","hentry"],"_links":{"self":[{"href":"https:\/\/skyting.lerumcup.no\/index.php?rest_route=\/wp\/v2\/pages\/1864","targetHints":{"allow":["GET"]}}],"collection":[{"href":"https:\/\/skyting.lerumcup.no\/index.php?rest_route=\/wp\/v2\/pages"}],"about":[{"href":"https:\/\/skyting.lerumcup.no\/index.php?rest_route=\/wp\/v2\/types\/page"}],"author":[{"embeddable":true,"href":"https:\/\/skyting.lerumcup.no\/index.php?rest_route=\/wp\/v2\/users\/3"}],"replies":[{"embeddable":true,"href":"https:\/\/skyting.lerumcup.no\/index.php?rest_route=%2Fwp%2Fv2%2Fcomments&post=1864"}],"version-history":[{"count":5,"href":"https:\/\/skyting.lerumcup.no\/index.php?rest_route=\/wp\/v2\/pages\/1864\/revisions"}],"predecessor-version":[{"id":1891,"href":"https:\/\/skyting.lerumcup.no\/index.php?rest_route=\/wp\/v2\/pages\/1864\/revisions\/1891"}],"wp:attachment":[{"href":"https:\/\/skyting.lerumcup.no\/index.php?rest_route=%2Fwp%2Fv2%2Fmedia&parent=1864"}],"curies":[{"name":"wp","href":"https:\/\/api.w.org\/{rel}","templated":true}]}}