{"id":1873,"date":"2023-01-26T13:42:42","date_gmt":"2023-01-26T13:42:42","guid":{"rendered":"https:\/\/skyting.lerumcup.no\/?page_id=1873"},"modified":"2025-01-24T17:44:48","modified_gmt":"2025-01-24T17:44:48","slug":"luster","status":"publish","type":"page","link":"https:\/\/skyting.lerumcup.no\/?page_id=1873","title":{"rendered":"Luster Kommune"},"content":{"rendered":"<div style=\"width: 291px\" class=\"wp-caption alignright\"><a href=\"https:\/\/www.lerummuseum.no\/\"><img loading=\"lazy\" decoding=\"async\" src=\"http:\/\/skjolden.com\/wp-content\/uploads\/2015\/04\/Culture-Attractions-Lerum-Saftfabrik-Bui-og-Safthuset-22.04.15-1030x684.jpg\" alt=\"\" width=\"281\" height=\"186\" \/><\/a><p class=\"wp-caption-text\"><a href=\"https:\/\/www.lerummuseum.no\/\">Lerum Fabrikker Museum. Der det heile starta p\u00e5 S\u00f8rheim, p\u00e5 s\u00f8rsida av Lustrafjorden. <\/a><\/p><\/div>\n<p><span style=\"font-size: 14pt;\"><strong>Her er ulike aktivitetstilbod som du finn i Luster Kommune:<\/strong><\/span><\/p>\n<div style=\"width: 314px\" class=\"wp-caption alignleft\"><a href=\"https:\/\/www.jostedal.com\/\"><img loading=\"lazy\" decoding=\"async\" src=\"https:\/\/www.jostedal.com\/wp-content\/uploads\/2021\/01\/Breheimsenteret-toppbilete.-Foto-Eric-James-Ryan-980x551.jpg\" alt=\"\" width=\"304\" height=\"171\" \/><\/a><p class=\"wp-caption-text\"><a href=\"https:\/\/www.jostedal.com\/\">Bes\u00f8k Breheimsenteret \u2013 Bes\u00f8kssenter nasjonalpark Jostedalsbreen Breheimen<\/a><\/p><\/div>\n<p>&nbsp;<\/p>\n<p>&nbsp;<\/p>\n<p>&nbsp;<\/p>\n<p>&nbsp;<\/p>\n<div style=\"width: 296px\" class=\"wp-caption alignright\"><a href=\"https:\/\/www.adventuretours.no\/\"><img loading=\"lazy\" decoding=\"async\" src=\"http:\/\/skjolden.com\/wp-content\/uploads\/2014\/11\/skjolden-forside-smaa-bilder3.jpg\" alt=\"\" width=\"286\" height=\"215\" \/><\/a><p class=\"wp-caption-text\"><a href=\"https:\/\/www.adventuretours.no\/\">Fjord Adventure<\/a><\/p><\/div>\n<p>&nbsp;<\/p>\n<p>&nbsp;<\/p>\n<div style=\"width: 298px\" class=\"wp-caption alignnone\"><a href=\"https:\/\/www.lustrabadet.no\/\"><img loading=\"lazy\" decoding=\"async\" class=\"\" src=\"https:\/\/images.squarespace-cdn.com\/content\/v1\/61f93be8ad75195f57fbe332\/dc760a86-80f1-4073-9bde-3692e1eb8e4f\/2301_4416.jpg?format=500w\" alt=\"2301_4416.jpg\" width=\"288\" height=\"192\" \/><\/a><p class=\"wp-caption-text\"><a href=\"https:\/\/www.lustrabadet.no\/\">Lustrabadet i Gaupne<\/a><\/p><\/div>\n<div style=\"width: 221px\" class=\"wp-caption alignnone\"><a href=\"https:\/\/www.skjoldenllamas.net\/index.php\"><img loading=\"lazy\" decoding=\"async\" src=\"https:\/\/skyting.lerumcup.no\/wp-content\/uploads\/2025\/01\/Skjolden-Lama.jpg\" alt=\"\" width=\"211\" height=\"270\" \/><\/a><p class=\"wp-caption-text\"><a href=\"https:\/\/www.skjoldenllamas.net\/index.php\">Skjolden Lama<\/a><\/p><\/div>\n<div style=\"width: 324px\" class=\"wp-caption alignright\"><a href=\"https:\/\/www.kvamgs.no\/\"><img loading=\"lazy\" decoding=\"async\" src=\"https:\/\/files.basekit.webhuset.no\/b0\/f0\/b0f0dd4b-30d8-4d4c-a104-640466762d4c.jpg\" alt=\"\" width=\"314\" height=\"209\" \/><\/a><p class=\"wp-caption-text\"><a href=\"https:\/\/www.kvamgs.no\/\">Kvam guiding og Guiding og Service ulike natureopplevinger b\u00e5de til vanns og til lands. <\/a><\/p><\/div>\n","protected":false},"excerpt":{"rendered":"<p>Her er ulike aktivitetstilbod som du finn i Luster Kommune: &nbsp; &nbsp; &nbsp; &nbsp; &nbsp; &nbsp;<\/p>\n","protected":false},"author":3,"featured_media":0,"parent":0,"menu_order":0,"comment_status":"closed","ping_status":"closed","template":"","meta":{"footnotes":""},"class_list":["post-1873","page","type-page","status-publish","hentry"],"_links":{"self":[{"href":"https:\/\/skyting.lerumcup.no\/index.php?rest_route=\/wp\/v2\/pages\/1873","targetHints":{"allow":["GET"]}}],"collection":[{"href":"https:\/\/skyting.lerumcup.no\/index.php?rest_route=\/wp\/v2\/pages"}],"about":[{"href":"https:\/\/skyting.lerumcup.no\/index.php?rest_route=\/wp\/v2\/types\/page"}],"author":[{"embeddable":true,"href":"https:\/\/skyting.lerumcup.no\/index.php?rest_route=\/wp\/v2\/users\/3"}],"replies":[{"embeddable":true,"href":"https:\/\/skyting.lerumcup.no\/index.php?rest_route=%2Fwp%2Fv2%2Fcomments&post=1873"}],"version-history":[{"count":13,"href":"https:\/\/skyting.lerumcup.no\/index.php?rest_route=\/wp\/v2\/pages\/1873\/revisions"}],"predecessor-version":[{"id":1880,"href":"https:\/\/skyting.lerumcup.no\/index.php?rest_route=\/wp\/v2\/pages\/1873\/revisions\/1880"}],"wp:attachment":[{"href":"https:\/\/skyting.lerumcup.no\/index.php?rest_route=%2Fwp%2Fv2%2Fmedia&parent=1873"}],"curies":[{"name":"wp","href":"https:\/\/api.w.org\/{rel}","templated":true}]}}