{"id":21,"date":"2014-01-07T20:30:29","date_gmt":"2014-01-07T20:30:29","guid":{"rendered":"http:\/\/10.133.10.90\/?page_id=21"},"modified":"2025-05-08T21:24:52","modified_gmt":"2025-05-08T21:24:52","slug":"live","status":"publish","type":"page","link":"https:\/\/skyting.lerumcup.no\/?page_id=21","title":{"rendered":"LIVE"},"content":{"rendered":"<p>Alle resultat vert oppdatert s\u00e5 snart laget er ferdig. LerumCup har eit eige resultatsystem for \u00e5 h\u00e5ndtere <strong><a href=\"https:\/\/2025.lerumcup.no\/\" target=\"_blank\" rel=\"noopener noreferrer\">samanlagtresultat<\/a><\/strong>.<\/p>\n<p>Alle stevnene har sj\u00f8lvsagt live-visning av skivene.<\/p>\n<p><a href=\"http:\/\/2025.lerumcup.no\/live.aspx\" target=\"_blank\" rel=\"noopener noreferrer\">Klikk her for LIVE fr\u00e5 alle 6 stemnene.<\/a><\/p>\n<p><a href=\"http:\/\/2024.lerumcup.no\/live.aspx\"><img loading=\"lazy\" decoding=\"async\" class=\"alignnone wp-image-1767 size-medium\" src=\"https:\/\/skyting.lerumcup.no\/wp-content\/uploads\/2022\/05\/Livevisning-300x280.png\" alt=\"\" width=\"300\" height=\"280\" srcset=\"https:\/\/skyting.lerumcup.no\/wp-content\/uploads\/2022\/05\/Livevisning-300x280.png 300w, https:\/\/skyting.lerumcup.no\/wp-content\/uploads\/2022\/05\/Livevisning-1024x954.png 1024w, https:\/\/skyting.lerumcup.no\/wp-content\/uploads\/2022\/05\/Livevisning-768x716.png 768w, https:\/\/skyting.lerumcup.no\/wp-content\/uploads\/2022\/05\/Livevisning-157x146.png 157w, https:\/\/skyting.lerumcup.no\/wp-content\/uploads\/2022\/05\/Livevisning-50x47.png 50w, https:\/\/skyting.lerumcup.no\/wp-content\/uploads\/2022\/05\/Livevisning-80x75.png 80w, https:\/\/skyting.lerumcup.no\/wp-content\/uploads\/2022\/05\/Livevisning.png 1099w\" sizes=\"auto, (max-width: 300px) 100vw, 300px\" \/><\/a><\/p>\n<p><span style=\"font-size: 24pt;\"><strong>HISTORISKE RESULTAT<\/strong><\/span><\/p>\n<p><span style=\"font-size: 14pt;\"><strong>Her kan du finne samanlagtresultater fr\u00e5 alle \u00e5ra med Lerum Cup:<br \/>\n<a href=\"https:\/\/2011.lerumcup.no\/\">Lerum Cup 2011<\/a><br \/>\n<a href=\"https:\/\/2012.lerumcup.no\/\">Lerum Cup 2012<\/a><br \/>\n<a href=\"https:\/\/2013.lerumcup.no\/\">Lerum Cup 2013<\/a><br \/>\n<a href=\"https:\/\/2014.lerumcup.no\/\">Lerum Cup 2014<\/a><br \/>\n<a href=\"https:\/\/2015.lerumcup.no\/\">Lerum Cup 2015<\/a><br \/>\n<a href=\"https:\/\/2016.lerumcup.no\/\">Lerum Cup 2016<\/a><br \/>\n<a href=\"https:\/\/2017.lerumcup.no\/\">Lerum Cup 2017<\/a><br \/>\n<a href=\"https:\/\/2018.lerumcup.no\/\">Lerum Cup 2018<\/a><br \/>\n<a href=\"https:\/\/2019.lerumcup.no\/\">Lerum Cup 2019<\/a><br \/>\n<a href=\"https:\/\/2020.lerumcup.no\/\">Lerum Cup 2020<\/a><br \/>\n<a href=\"https:\/\/2022.lerumcup.no\/\">Lerum Cup 2022<\/a><br \/>\n<a href=\"https:\/\/2023.lerumcup.no\/\">Lerum Cup 2023<\/a><br \/>\n<a href=\"https:\/\/2024.lerumcup.no\/\">Lerum Cup 2024<\/a><\/strong><\/span><\/p>\n","protected":false},"excerpt":{"rendered":"<p>Alle resultat vert oppdatert s\u00e5 snart laget er ferdig. LerumCup har eit eige resultatsystem for \u00e5 h\u00e5ndtere samanlagtresultat. Alle stevnene har sj\u00f8lvsagt live-visning av skivene. Klikk<span class=\"excerpt-hellip\"> [\u2026]<\/span><\/p>\n","protected":false},"author":2,"featured_media":0,"parent":0,"menu_order":0,"comment_status":"closed","ping_status":"closed","template":"","meta":{"footnotes":""},"class_list":["post-21","page","type-page","status-publish","hentry"],"_links":{"self":[{"href":"https:\/\/skyting.lerumcup.no\/index.php?rest_route=\/wp\/v2\/pages\/21","targetHints":{"allow":["GET"]}}],"collection":[{"href":"https:\/\/skyting.lerumcup.no\/index.php?rest_route=\/wp\/v2\/pages"}],"about":[{"href":"https:\/\/skyting.lerumcup.no\/index.php?rest_route=\/wp\/v2\/types\/page"}],"author":[{"embeddable":true,"href":"https:\/\/skyting.lerumcup.no\/index.php?rest_route=\/wp\/v2\/users\/2"}],"replies":[{"embeddable":true,"href":"https:\/\/skyting.lerumcup.no\/index.php?rest_route=%2Fwp%2Fv2%2Fcomments&post=21"}],"version-history":[{"count":9,"href":"https:\/\/skyting.lerumcup.no\/index.php?rest_route=\/wp\/v2\/pages\/21\/revisions"}],"predecessor-version":[{"id":2302,"href":"https:\/\/skyting.lerumcup.no\/index.php?rest_route=\/wp\/v2\/pages\/21\/revisions\/2302"}],"wp:attachment":[{"href":"https:\/\/skyting.lerumcup.no\/index.php?rest_route=%2Fwp%2Fv2%2Fmedia&parent=21"}],"curies":[{"name":"wp","href":"https:\/\/api.w.org\/{rel}","templated":true}]}}