{"id":313,"date":"2015-03-10T23:49:46","date_gmt":"2015-03-10T23:49:46","guid":{"rendered":"https:\/\/skyting.lerumcup.no\/?page_id=313"},"modified":"2015-03-10T23:49:46","modified_gmt":"2015-03-10T23:49:46","slug":"kontakt-oss","status":"publish","type":"page","link":"https:\/\/skyting.lerumcup.no\/?page_id=313","title":{"rendered":"Kontakt oss"},"content":{"rendered":"<p>Dersom de treng meir informasjon, har sp\u00f8rsm\u00e5l om LerumCup, eller treng hjelp til \u00e5 sette opp reiserute s\u00e5 n\u00e5r du alle skyttarlaga ved \u00e5 sende epost til post@lerumcup.no.<\/p>\n<p>Sp\u00f8rsm\u00e5l ang\u00e5ande p\u00e5melding kan sendast til paamelding@lerumcup.no<\/p>\n<p>Under arrangementet bruk oppgitte stevnetelefoner<\/p>\n","protected":false},"excerpt":{"rendered":"<p>Dersom de treng meir informasjon, har sp\u00f8rsm\u00e5l om LerumCup, eller treng hjelp til \u00e5 sette opp reiserute s\u00e5 n\u00e5r du alle skyttarlaga ved \u00e5 sende epost<span class=\"excerpt-hellip\"> [\u2026]<\/span><\/p>\n","protected":false},"author":2,"featured_media":0,"parent":0,"menu_order":0,"comment_status":"closed","ping_status":"closed","template":"","meta":{"footnotes":""},"class_list":["post-313","page","type-page","status-publish","hentry"],"_links":{"self":[{"href":"https:\/\/skyting.lerumcup.no\/index.php?rest_route=\/wp\/v2\/pages\/313","targetHints":{"allow":["GET"]}}],"collection":[{"href":"https:\/\/skyting.lerumcup.no\/index.php?rest_route=\/wp\/v2\/pages"}],"about":[{"href":"https:\/\/skyting.lerumcup.no\/index.php?rest_route=\/wp\/v2\/types\/page"}],"author":[{"embeddable":true,"href":"https:\/\/skyting.lerumcup.no\/index.php?rest_route=\/wp\/v2\/users\/2"}],"replies":[{"embeddable":true,"href":"https:\/\/skyting.lerumcup.no\/index.php?rest_route=%2Fwp%2Fv2%2Fcomments&post=313"}],"version-history":[{"count":0,"href":"https:\/\/skyting.lerumcup.no\/index.php?rest_route=\/wp\/v2\/pages\/313\/revisions"}],"wp:attachment":[{"href":"https:\/\/skyting.lerumcup.no\/index.php?rest_route=%2Fwp%2Fv2%2Fmedia&parent=313"}],"curies":[{"name":"wp","href":"https:\/\/api.w.org\/{rel}","templated":true}]}}