{"id":33,"date":"2014-01-07T20:34:28","date_gmt":"2014-01-07T20:34:28","guid":{"rendered":"http:\/\/10.133.10.90\/?page_id=33"},"modified":"2023-02-20T14:08:36","modified_gmt":"2023-02-20T14:08:36","slug":"ferjeruter","status":"publish","type":"page","link":"https:\/\/skyting.lerumcup.no\/?page_id=33","title":{"rendered":"Ferjeruter"},"content":{"rendered":"<p>For kryssing av Sognefjorden er det no Norled som drifter ferjene. <a href=\"https:\/\/www.norled.no\/kart-og-rutetider\/ferje\/sogn-og-fjordane\/\">Ruteoversikt<\/a><\/p>\n<p>Det er ogs\u00e5 tilkomst til Sogn via Anda-Lote <a href=\"http:\/\/www.fjord1.no\/ferje\/ruteoversikt-for-ferje\/sogn-og-fjordane\/anda-lote\">Ruteoversikt<\/a><\/p>\n<p><span style=\"line-height: 1.5;\">Komplett informasjon om kollektivtraffikk finn de p\u00e5 <a href=\"http:\/\/www.skyss.no\">skyss.no<\/a><\/span><\/p>\n<p>Vi gjer merksam p\u00e5 at ferjene no billetterer med autopass. Skaff deg difor brikke til bilen, hvis du ikkje har det fr\u00e5 f\u00f8r, og gjerne ein avtale med autopassferje. Uten avtale med autopassferje, blir du belasta med full pris.\u00a0 Informasjon om autopassferje finn du <a href=\"https:\/\/www.autopassferje.no\/\">HER<\/a><\/p>\n","protected":false},"excerpt":{"rendered":"<p>For kryssing av Sognefjorden er det no Norled som drifter ferjene. Ruteoversikt Det er ogs\u00e5 tilkomst til Sogn via Anda-Lote Ruteoversikt Komplett informasjon om kollektivtraffikk finn<span class=\"excerpt-hellip\"> [\u2026]<\/span><\/p>\n","protected":false},"author":2,"featured_media":0,"parent":1674,"menu_order":0,"comment_status":"closed","ping_status":"closed","template":"","meta":{"footnotes":""},"class_list":["post-33","page","type-page","status-publish","hentry"],"_links":{"self":[{"href":"https:\/\/skyting.lerumcup.no\/index.php?rest_route=\/wp\/v2\/pages\/33","targetHints":{"allow":["GET"]}}],"collection":[{"href":"https:\/\/skyting.lerumcup.no\/index.php?rest_route=\/wp\/v2\/pages"}],"about":[{"href":"https:\/\/skyting.lerumcup.no\/index.php?rest_route=\/wp\/v2\/types\/page"}],"author":[{"embeddable":true,"href":"https:\/\/skyting.lerumcup.no\/index.php?rest_route=\/wp\/v2\/users\/2"}],"replies":[{"embeddable":true,"href":"https:\/\/skyting.lerumcup.no\/index.php?rest_route=%2Fwp%2Fv2%2Fcomments&post=33"}],"version-history":[{"count":2,"href":"https:\/\/skyting.lerumcup.no\/index.php?rest_route=\/wp\/v2\/pages\/33\/revisions"}],"predecessor-version":[{"id":1936,"href":"https:\/\/skyting.lerumcup.no\/index.php?rest_route=\/wp\/v2\/pages\/33\/revisions\/1936"}],"up":[{"embeddable":true,"href":"https:\/\/skyting.lerumcup.no\/index.php?rest_route=\/wp\/v2\/pages\/1674"}],"wp:attachment":[{"href":"https:\/\/skyting.lerumcup.no\/index.php?rest_route=%2Fwp%2Fv2%2Fmedia&parent=33"}],"curies":[{"name":"wp","href":"https:\/\/api.w.org\/{rel}","templated":true}]}}