{"id":37,"date":"2014-01-07T20:34:55","date_gmt":"2014-01-07T20:34:55","guid":{"rendered":"http:\/\/10.133.10.90\/?page_id=37"},"modified":"2014-01-07T20:34:55","modified_gmt":"2014-01-07T20:34:55","slug":"avstandar","status":"publish","type":"page","link":"https:\/\/skyting.lerumcup.no\/?page_id=37","title":{"rendered":"Avstandar"},"content":{"rendered":"<p><strong>Mellom banene (Avstander i minutt)<\/strong><\/p>\n<table width=\"560\">\n<tbody>\n<tr>\n<td width=\"80\">Avstandar<\/td>\n<td width=\"80\"><\/td>\n<td width=\"80\"><\/td>\n<td width=\"80\"><\/td>\n<td width=\"80\"><\/td>\n<td width=\"80\"><\/td>\n<td width=\"80\"><\/td>\n<\/tr>\n<tr>\n<td width=\"80\"><\/td>\n<td width=\"80\">\u00a0Hafslo<\/td>\n<td width=\"80\">\u00a0Leikanger<\/td>\n<td width=\"80\">\u00a0Sogndal<\/td>\n<td width=\"80\">Aurland<\/td>\n<td width=\"80\">Knipenborg<\/td>\n<td width=\"80\">Farnes<\/td>\n<\/tr>\n<tr>\n<td width=\"80\">Hafslo<\/td>\n<td width=\"80\"><\/td>\n<td width=\"80\">40<\/td>\n<td width=\"80\">26<\/td>\n<td width=\"80\">90<\/td>\n<td width=\"80\">\u00a0\u00a0\u00a0 71**<\/td>\n<td width=\"80\">90*<\/td>\n<\/tr>\n<tr>\n<td width=\"80\">\u00a0Leikanger<\/td>\n<td width=\"80\">40<\/td>\n<td width=\"80\"><\/td>\n<td width=\"80\">31<\/td>\n<td width=\"80\">96<\/td>\n<td width=\"80\">\u00a068<\/td>\n<td width=\"80\">93<\/td>\n<\/tr>\n<tr>\n<td width=\"80\">\u00a0Sogndal<\/td>\n<td width=\"80\">26<\/td>\n<td width=\"80\">31<\/td>\n<td width=\"80\"><\/td>\n<td width=\"80\">66<\/td>\n<td width=\"80\">48<\/td>\n<td width=\"80\">60<\/td>\n<\/tr>\n<tr>\n<td width=\"80\">\u00a0Aurland<\/td>\n<td width=\"80\">90<\/td>\n<td width=\"80\">80<\/td>\n<td width=\"80\">66<\/td>\n<td width=\"80\"><\/td>\n<td width=\"80\">\u00a067<\/td>\n<td width=\"80\">76<\/td>\n<\/tr>\n<tr>\n<td width=\"80\">Knipenborg<\/td>\n<td width=\"80\">\u00a071**<\/td>\n<td width=\"80\">96<\/td>\n<td width=\"80\">48<\/td>\n<td width=\"80\">67<\/td>\n<td width=\"80\"><\/td>\n<td width=\"80\">12<\/td>\n<\/tr>\n<tr>\n<td width=\"80\">Farnes<\/td>\n<td width=\"80\">90*<\/td>\n<td width=\"80\">93<\/td>\n<td width=\"80\">60<\/td>\n<td width=\"80\">76<\/td>\n<td width=\"80\">12<\/td>\n<td width=\"80\"><\/td>\n<\/tr>\n<tr>\n<td colspan=\"6\" width=\"480\"><\/td>\n<td width=\"80\"><\/td>\n<\/tr>\n<tr>\n<td colspan=\"6\" width=\"480\">* Alternativ rute via Tindevegen 74<\/td>\n<td width=\"80\"><\/td>\n<\/tr>\n<tr>\n<td colspan=\"6\" width=\"480\">** Alternativ rute via Tindevegen 86<\/td>\n<td width=\"80\"><\/td>\n<\/tr>\n<\/tbody>\n<\/table>\n<p><strong>Avstandar til Sogn:<\/strong><\/p>\n<table>\n<tbody>\n<tr>\n<td valign=\"top\">H\u00f8nefoss &#8211; \u00d8vre \u00c5rdal 240 km, ca. 3t 30min<br \/>\nMolde &#8211; Sogndal\u00a0 294 km, ca. 5t 15min<br \/>\nBergen &#8211;\u00a0Leikanger 197 km, ca. 3t 25min<br \/>\n<span style=\"line-height: 1.2857142857;\">N\u00f8yaktige reiseruter kan de og planleggje ved hjelp av f\u00f8lgjande tenester p\u00e5 nett:<br \/>\n<\/span><a href=\"http:\/\/visveg.vegvesen.no\/Visveg\/mapviewer.jsf?width=1920&amp;height=1015\" target=\"_blank\" rel=\"noopener noreferrer\">Visveg<\/a><br \/>\n<a href=\"https:\/\/www.naf.no\/tjenester\/ruteplanlegger\/\" target=\"_blank\" rel=\"noopener noreferrer\">NAF ruteplanlegger<\/a><br \/>\n<a href=\"http:\/\/kart.gulesider.no\/\" target=\"_blank\" rel=\"noopener noreferrer\">Gulesider<\/a><\/td>\n<\/tr>\n<\/tbody>\n<\/table>\n","protected":false},"excerpt":{"rendered":"<p>Mellom banene (Avstander i minutt) Avstandar \u00a0Hafslo \u00a0Leikanger \u00a0Sogndal Aurland Knipenborg Farnes Hafslo 40 26 90 \u00a0\u00a0\u00a0 71** 90* \u00a0Leikanger 40 31 96 \u00a068 93 \u00a0Sogndal<span class=\"excerpt-hellip\"> [\u2026]<\/span><\/p>\n","protected":false},"author":2,"featured_media":0,"parent":1674,"menu_order":0,"comment_status":"closed","ping_status":"closed","template":"","meta":{"footnotes":""},"class_list":["post-37","page","type-page","status-publish","hentry"],"_links":{"self":[{"href":"https:\/\/skyting.lerumcup.no\/index.php?rest_route=\/wp\/v2\/pages\/37","targetHints":{"allow":["GET"]}}],"collection":[{"href":"https:\/\/skyting.lerumcup.no\/index.php?rest_route=\/wp\/v2\/pages"}],"about":[{"href":"https:\/\/skyting.lerumcup.no\/index.php?rest_route=\/wp\/v2\/types\/page"}],"author":[{"embeddable":true,"href":"https:\/\/skyting.lerumcup.no\/index.php?rest_route=\/wp\/v2\/users\/2"}],"replies":[{"embeddable":true,"href":"https:\/\/skyting.lerumcup.no\/index.php?rest_route=%2Fwp%2Fv2%2Fcomments&post=37"}],"version-history":[{"count":0,"href":"https:\/\/skyting.lerumcup.no\/index.php?rest_route=\/wp\/v2\/pages\/37\/revisions"}],"up":[{"embeddable":true,"href":"https:\/\/skyting.lerumcup.no\/index.php?rest_route=\/wp\/v2\/pages\/1674"}],"wp:attachment":[{"href":"https:\/\/skyting.lerumcup.no\/index.php?rest_route=%2Fwp%2Fv2%2Fmedia&parent=37"}],"curies":[{"name":"wp","href":"https:\/\/api.w.org\/{rel}","templated":true}]}}