{"id":7,"date":"2014-01-07T20:25:08","date_gmt":"2014-01-07T20:25:08","guid":{"rendered":"http:\/\/10.133.10.90\/?page_id=7"},"modified":"2026-02-11T11:49:16","modified_gmt":"2026-02-11T11:49:16","slug":"program","status":"publish","type":"page","link":"https:\/\/skyting.lerumcup.no\/?page_id=7","title":{"rendered":"Program"},"content":{"rendered":"<p><strong>LerumCup program:<\/strong><\/p>\n<table style=\"border-collapse: collapse; width: 100%; height: 185px;\">\n<tbody>\n<tr style=\"height: 25px;\">\n<td style=\"width: 12.5%; height: 25px;\"><\/td>\n<td style=\"width: 12.5%; text-align: center; height: 25px;\"><strong>M\u00e5n 04.05<\/strong><\/td>\n<td style=\"width: 12.5%; text-align: center; height: 25px;\"><b>Tys 05:05\u00a0<\/b><\/td>\n<td style=\"width: 12.5%; text-align: center; height: 25px;\"><b>Ons 06:05\u00a0<\/b><\/td>\n<td style=\"width: 12.5%; text-align: center; height: 25px;\"><strong>Tor 07.05<\/strong><\/td>\n<td style=\"width: 12.5%; text-align: center; height: 25px;\"><strong>Fre 08.05<\/strong><\/td>\n<td style=\"width: 12.5%; text-align: center; height: 25px;\"><strong>L\u00f8r 09.05<\/strong><\/td>\n<td style=\"width: 12.5%; text-align: center; height: 25px;\"><strong>S\u00f8n 10.05<\/strong><\/td>\n<\/tr>\n<tr style=\"height: 25px;\">\n<td style=\"width: 12.5%; text-align: left; height: 25px;\"><strong>Leikanger<\/strong><\/td>\n<td style=\"width: 12.5%; text-align: center; height: 25px;\"><\/td>\n<td style=\"width: 12.5%; text-align: center; height: 25px;\">17:00-20:45<\/td>\n<td style=\"width: 12.5%; text-align: center; height: 25px;\"><\/td>\n<td style=\"width: 12.5%; text-align: center; height: 25px;\">17:00-20:45<\/td>\n<td style=\"width: 12.5%; text-align: center; height: 25px;\">15:00-21:00<\/td>\n<td style=\"width: 12.5%; text-align: center; height: 25px;\">09:00-19:30<\/td>\n<td style=\"width: 12.5%; text-align: center; height: 25px;\">09.00-17:15<\/td>\n<\/tr>\n<tr style=\"height: 25px;\">\n<td style=\"width: 12.5%; text-align: left; height: 10px;\"><strong>Hafslo<\/strong><\/td>\n<td style=\"width: 12.5%; text-align: center; height: 10px;\">17:00-20:45<\/td>\n<td style=\"width: 12.5%; text-align: center; height: 10px;\"><\/td>\n<td style=\"width: 12.5%; text-align: center; height: 10px;\"><\/td>\n<td style=\"width: 12.5%; text-align: center; height: 10px;\">17:00-20:45<\/td>\n<td style=\"width: 12.5%; text-align: center; height: 10px;\">15:00-21:00<\/td>\n<td style=\"width: 12.5%; text-align: center; height: 10px;\">09:00-19:30<\/td>\n<td style=\"width: 12.5%; text-align: center; height: 10px;\">0900-17:15<\/td>\n<\/tr>\n<tr style=\"height: 25px;\">\n<td style=\"width: 12.5%; text-align: left; height: 25px;\"><strong>Sogndal<\/strong><\/td>\n<td style=\"width: 12.5%; text-align: center; height: 25px;\">17:00-20:45<\/td>\n<td style=\"width: 12.5%; text-align: center; height: 25px;\"><\/td>\n<td style=\"width: 12.5%; text-align: center; height: 25px;\"><\/td>\n<td style=\"width: 12.5%; text-align: center; height: 25px;\">17:00-20:45<\/td>\n<td style=\"width: 12.5%; text-align: center; height: 25px;\">15:00-21:00<\/td>\n<td style=\"width: 12.5%; text-align: center; height: 25px;\">09:00-19:30<\/td>\n<td style=\"width: 12.5%; text-align: center; height: 25px;\">0900-17:15<\/td>\n<\/tr>\n<tr style=\"height: 25px;\">\n<td style=\"width: 12.5%; text-align: left; height: 25px;\"><strong>Aurland<\/strong><\/td>\n<td style=\"width: 12.5%; text-align: center; height: 25px;\"><\/td>\n<td style=\"width: 12.5%; text-align: center; height: 25px;\">17:00-20:45<\/td>\n<td style=\"width: 12.5%; text-align: center; height: 25px;\"><\/td>\n<td style=\"width: 12.5%; text-align: center; height: 25px;\">17:00-20:45<\/td>\n<td style=\"width: 12.5%; text-align: center; height: 25px;\">15:00-21:00<\/td>\n<td style=\"width: 12.5%; text-align: center; height: 25px;\">09:00-19:30<\/td>\n<td style=\"width: 12.5%; text-align: center; height: 25px;\">09.00-17:15<\/td>\n<\/tr>\n<tr style=\"height: 25px;\">\n<td style=\"width: 12.5%; text-align: left; height: 25px;\"><strong>Farnes<\/strong><\/td>\n<td style=\"width: 12.5%; text-align: center; height: 25px;\"><\/td>\n<td style=\"width: 12.5%; text-align: center; height: 25px;\"><\/td>\n<td style=\"width: 12.5%; text-align: center; height: 25px;\">17:00-20:45<\/td>\n<td style=\"width: 12.5%; text-align: center; height: 25px;\">17:00-20:45<\/td>\n<td style=\"width: 12.5%; text-align: center; height: 25px;\">15:00-21:00<\/td>\n<td style=\"width: 12.5%; text-align: center; height: 25px;\">09:00-19:30<\/td>\n<td style=\"width: 12.5%; text-align: center; height: 25px;\">09.00-17:15<\/td>\n<\/tr>\n<tr style=\"height: 25px;\">\n<td style=\"width: 12.5%; text-align: left; height: 25px;\"><strong>Knipenborg<\/strong><\/td>\n<td style=\"width: 12.5%; text-align: center; height: 25px;\">1<\/td>\n<td style=\"width: 12.5%; text-align: center; height: 25px;\"><\/td>\n<td style=\"width: 12.5%; text-align: center; height: 25px;\">17:00-20:45<\/td>\n<td style=\"width: 12.5%; text-align: center; height: 25px;\">17:00-20:45<\/td>\n<td style=\"width: 12.5%; text-align: center; height: 25px;\">15:00-21:00<\/td>\n<td style=\"width: 12.5%; text-align: center; height: 25px;\">09:00-19:30<\/td>\n<td style=\"width: 12.5%; text-align: center; height: 25px;\">09.00-17:15<\/td>\n<\/tr>\n<tr style=\"height: 25px;\">\n<td style=\"width: 12.5%; height: 25px;\"><\/td>\n<td style=\"width: 12.5%; height: 25px;\"><\/td>\n<td style=\"width: 12.5%; text-align: center; height: 25px;\"><\/td>\n<td style=\"width: 12.5%; height: 25px;\"><\/td>\n<td style=\"width: 12.5%; height: 25px;\"><\/td>\n<td style=\"width: 12.5%; height: 25px;\"><\/td>\n<td style=\"width: 12.5%; height: 25px;\"><\/td>\n<td style=\"width: 12.5%; height: 25px;\"><\/td>\n<\/tr>\n<\/tbody>\n<\/table>\n<p><strong>\u00c5pningstider angir f\u00f8rste og siste lag, er cirkatider,. og er rettningsgjevande. Det kqn vere mulig for oss \u00e5 legge til lag, eller gjere andre tilpassingar, ved behov. Der ser vi an <\/strong><strong>p\u00e5meldinga, og dei behova som melder seg. Det vil difor kunne forekomme skyting utenom desse tidene hj\u00e5 enkelte arrang\u00f8rer, eller hj\u00e5 alle.\u00a0<\/strong><\/p>\n<p><strong>Arrang\u00f8rane vil skyte i dagane f\u00f8r helga. Det blir ikkje lagt til lag, eller<br \/>\ngjort tilpassingar p\u00e5 andre m\u00e5tar desse dagane, men skulle det vere ledige plassar innafor oppsatte<br \/>\nskytetider, s\u00e5 er det mulig for andre \u00e5 skyte der.<\/strong><\/p>\n<p><strong>For henvendelser og sp\u00f8rsm\u00e5l om p\u00e5melding ber vi om at adressa paamelding@lerumcup.no blir brukt.\u00a0<\/strong><\/p>\n<p>For alle stemnene vert det skote etter DFS sin 35 skot, bortsett fr\u00e5 klasse Ny Ungdom, SK1 og SK2 som skyt 25 skot. Jeger skyt 15 skot program. KIkkertklassen og Klasse 1 skyt no 35 skot program.<\/p>\n<p><img loading=\"lazy\" decoding=\"async\" class=\"\" src=\"https:\/\/skyting.lerumcup.no\/wp-content\/uploads\/2025\/01\/Skyteprogram-100-meter.png\" width=\"1009\" height=\"540\" \/><\/p>\n<ul>\n<li><em><strong>SK1 og SK 2 f\u00e5r anledning til \u00e5 skyte omgang om dei \u00f8nsker det, men all premiering skjer p\u00e5 25 skudd.<\/strong><\/em><\/li>\n<\/ul>\n<p><img decoding=\"async\" src=\"https:\/\/skyting.lerumcup.no\/wp-content\/uploads\/2025\/01\/Skyteprogram-200-meter.png\" \/><\/p>\n<p>Vi satser p\u00e5 at \u00e5rets arrangement blir ein ny fest, og at det er mange skyttarar med familar som finn vegen til Sogn denne langhelga i Mai.<\/p>\n<p>Stemnet er ope for alle klassar (inkludert Ny Ungdom), men alle deltakarar b\u00f8r vera sj\u00f8lvhjelpne p\u00e5 standplass. Hjelp til dei som treng det er likevel tillatt, s\u00e5 lenge man ikkje forstyrrer andre skyttarar, eller at det blir for mykje folk p\u00e5 standplass.<\/p>\n<p><strong>\u00d8vrige generelle stevnereglar for Lerum Cup :<\/strong><\/p>\n<p><em><strong>P\u00e5melding:\u00a0<\/strong><\/em>Arrang\u00f8rane ser med fordel p\u00e5 at ein person melder p\u00e5 alle i sitt reisef\u00f8lgje. Dette for \u00e5 redusere k\u00f8dannelse.<\/p>\n<p>.<strong><em>Avbrutt skyting:<\/em><\/strong> Hvis ein arrang\u00f8r m\u00e5 avbryte skytinga, vil resultata fr\u00e5 p\u00e5begynt skyting bli stroke, og skyttarane vil f\u00e5 refundert heile innskotet. Skyttarane vil f\u00e5 tilbod om \u00e5 komme tilbake for \u00e5 skyte p\u00e5 eit passande tidspunkt innafor stevnetida. Hvis ein skyttar ynskjer at resultatet, (eks. ein god 15 skot) skal bli st\u00e5ande for til d\u00f8mes \u00e5 kunne ta del i premieringa, s\u00e5 vil arrang\u00f8ren beholde innskotet, og skyttaren f\u00e5r ikkje tilbod om \u00e5 skyte p\u00e5 nytt.<\/p>\n<p><em><strong>Standplassleiing: <\/strong><\/em>Det vil vere lik standplassleiing for alle stevner. Vi minner om sikkerheitsreglane som seier at kammerflagg ikkje kan fjernast, eller at sluttstykket ikkje kan settast i v\u00e5penet f\u00f8r det er kommandert lading.\u00a0 Det vil bli nytta DFS sin standplasskommando. Skyttarane skal bli i stilling til standplassleiar seier noko anna. N\u00e5r alle skudd i serien er registrert i skivene vil skyttarane f\u00e5 beskjed om at dei kan bytte stilling, men skytetida vil g\u00e5 ut til stans. N\u00e5r standplassleiar stiller sp\u00f8rsm\u00e5l om det er nokon som ikkje er klar til serie, og JA blir sagt; Vil kommando starte etter 20 sekund.<\/p>\n<p><em><strong>Venteliste:<\/strong> <\/em>Skyttarar som set seg p\u00e5 venteliste for \u00e5 skyte p\u00e5 ledig plass, m\u00e5 sj\u00f8lve passe p\u00e5 \u00e5 unders\u00f8ke med stevnekontoret om det blir ledige plassar. Ikkje oppm\u00f8tte skyttarar risikerer \u00e5 bli strokne <span style=\"color: #ff0000;\"><em><strong>20 minutt<\/strong><\/em><\/span> f\u00f8r oppsett skytetid, og plassen kan bli tildelt skyttar(ar) p\u00e5 venteliste.<\/p>\n<p><strong>Innskot p\u00e5 alle stemner: Vaksne 160,- \/ Ungdom 80,- (50% i arr.avgift)<\/strong><\/p>\n<p><strong>Arrang\u00f8rane skyt:<br \/>\n<\/strong>Arrang\u00f8rane skyt i dagane f\u00f8r helga.<\/p>\n","protected":false},"excerpt":{"rendered":"<p>LerumCup program: M\u00e5n 04.05 Tys 05:05\u00a0 Ons 06:05\u00a0 Tor 07.05 Fre 08.05 L\u00f8r 09.05 S\u00f8n 10.05 Leikanger 17:00-20:45 17:00-20:45 15:00-21:00 09:00-19:30 09.00-17:15 Hafslo 17:00-20:45 17:00-20:45 15:00-21:00<span class=\"excerpt-hellip\"> [\u2026]<\/span><\/p>\n","protected":false},"author":2,"featured_media":0,"parent":0,"menu_order":0,"comment_status":"closed","ping_status":"closed","template":"","meta":{"footnotes":""},"class_list":["post-7","page","type-page","status-publish","hentry"],"_links":{"self":[{"href":"https:\/\/skyting.lerumcup.no\/index.php?rest_route=\/wp\/v2\/pages\/7","targetHints":{"allow":["GET"]}}],"collection":[{"href":"https:\/\/skyting.lerumcup.no\/index.php?rest_route=\/wp\/v2\/pages"}],"about":[{"href":"https:\/\/skyting.lerumcup.no\/index.php?rest_route=\/wp\/v2\/types\/page"}],"author":[{"embeddable":true,"href":"https:\/\/skyting.lerumcup.no\/index.php?rest_route=\/wp\/v2\/users\/2"}],"replies":[{"embeddable":true,"href":"https:\/\/skyting.lerumcup.no\/index.php?rest_route=%2Fwp%2Fv2%2Fcomments&post=7"}],"version-history":[{"count":33,"href":"https:\/\/skyting.lerumcup.no\/index.php?rest_route=\/wp\/v2\/pages\/7\/revisions"}],"predecessor-version":[{"id":2346,"href":"https:\/\/skyting.lerumcup.no\/index.php?rest_route=\/wp\/v2\/pages\/7\/revisions\/2346"}],"wp:attachment":[{"href":"https:\/\/skyting.lerumcup.no\/index.php?rest_route=%2Fwp%2Fv2%2Fmedia&parent=7"}],"curies":[{"name":"wp","href":"https:\/\/api.w.org\/{rel}","templated":true}]}}